{"id":10,"date":"2024-11-19T15:47:08","date_gmt":"2024-11-19T15:47:08","guid":{"rendered":"https:\/\/demosites.royal-elementor-addons.com\/plumbing-v1\/?page_id=10"},"modified":"2025-09-11T20:46:19","modified_gmt":"2025-09-11T20:46:19","slug":"control-de-plagas","status":"publish","type":"page","link":"https:\/\/cekuce.com.ar\/index.php\/control-de-plagas\/","title":{"rendered":"Control de plagas"},"content":{"rendered":"\t\t<div data-elementor-type=\"wp-page\" data-elementor-id=\"10\" class=\"elementor elementor-10\">\n\t\t\t\t<div class=\"elementor-element elementor-element-a7d8cc7 e-con-full e-flex wpr-particle-no wpr-jarallax-no wpr-parallax-no wpr-sticky-section-no e-con e-parent\" data-id=\"a7d8cc7\" data-element_type=\"container\" data-settings=\"{&quot;background_background&quot;:&quot;classic&quot;,&quot;shape_divider_bottom&quot;:&quot;opacity-tilt&quot;}\">\n\t\t\t\t<div class=\"elementor-shape elementor-shape-bottom\" aria-hidden=\"true\" data-negative=\"false\">\n\t\t\t<svg xmlns=\"http:\/\/www.w3.org\/2000\/svg\" viewBox=\"0 0 2600 131.1\" preserveAspectRatio=\"none\">\n\t<path class=\"elementor-shape-fill\" d=\"M0 0L2600 0 2600 69.1 0 0z\"\/>\n\t<path class=\"elementor-shape-fill\" style=\"opacity:0.5\" d=\"M0 0L2600 0 2600 69.1 0 69.1z\"\/>\n\t<path class=\"elementor-shape-fill\" style=\"opacity:0.25\" d=\"M2600 0L0 0 0 130.1 2600 69.1z\"\/>\n<\/svg>\t\t<\/div>\n\t\t<div class=\"elementor-element elementor-element-6841713 e-con-full e-flex wpr-particle-no wpr-jarallax-no wpr-parallax-no wpr-sticky-section-no e-con e-child\" data-id=\"6841713\" data-element_type=\"container\">\n\t\t\t\t<div class=\"elementor-element elementor-element-5c5de32 elementor-widget elementor-widget-heading\" data-id=\"5c5de32\" data-element_type=\"widget\" data-widget_type=\"heading.default\">\n\t\t\t\t\t<h1 class=\"elementor-heading-title elementor-size-default\">Control de plagas<\/h1>\t\t\t\t<\/div>\n\t\t\t\t<\/div>\n\t\t\t\t<\/div>\n\t\t<div class=\"elementor-element elementor-element-b35798c e-flex e-con-boxed wpr-particle-no wpr-jarallax-no wpr-parallax-no wpr-sticky-section-no e-con e-parent\" data-id=\"b35798c\" data-element_type=\"container\">\n\t\t\t\t\t<div class=\"e-con-inner\">\n\t\t\t\t<div class=\"elementor-element elementor-element-7ad9575 elementor-widget elementor-widget-heading\" data-id=\"7ad9575\" data-element_type=\"widget\" data-widget_type=\"heading.default\">\n\t\t\t\t\t<h2 class=\"elementor-heading-title elementor-size-default\">servicios de cekuce plagas<\/h2>\t\t\t\t<\/div>\n\t\t\t\t<div class=\"elementor-element elementor-element-9d069ca elementor-widget elementor-widget-heading\" data-id=\"9d069ca\" data-element_type=\"widget\" data-widget_type=\"heading.default\">\n\t\t\t\t\t<h2 class=\"elementor-heading-title elementor-size-default\">Desinfecci\u00f3n y desinfestaci\u00f3n\n<\/h2>\t\t\t\t<\/div>\n\t\t\t\t<div class=\"elementor-element elementor-element-a1bb8c8 elementor-widget elementor-widget-text-editor\" data-id=\"a1bb8c8\" data-element_type=\"widget\" data-widget_type=\"text-editor.default\">\n\t\t\t\t\t\t\t\t\t<p>En la Ciudad de Buenos Aires es obligatorio realizar mensualmente la Desinfecci\u00f3n y Desinfestaci\u00f3n, (com\u00fanmente llamada fumigaci\u00f3n) por una empresa habilitada (Ordenanza Municipal N\u00ba 36.352 \u2013 Decreto Reglamentario N\u00ba 8151\/ 80 \u2013 B.M 16.440 y 16.443). Somos una empresa habilitada por el G.C.A.B.A. (reg N\u00ba 659).<\/p>\t\t\t\t\t\t\t\t<\/div>\n\t\t\t\t\t<\/div>\n\t\t\t\t<\/div>\n\t\t<div class=\"elementor-element elementor-element-95b870f e-flex e-con-boxed wpr-particle-no wpr-jarallax-no wpr-parallax-no wpr-sticky-section-no elementor-invisible e-con e-parent\" data-id=\"95b870f\" data-element_type=\"container\" data-settings=\"{&quot;background_background&quot;:&quot;classic&quot;,&quot;animation&quot;:&quot;slideInUp&quot;}\">\n\t\t\t\t\t<div class=\"e-con-inner\">\n\t\t\t\t<div class=\"elementor-element elementor-element-630d657 elementor-widget elementor-widget-image\" data-id=\"630d657\" data-element_type=\"widget\" data-widget_type=\"image.default\">\n\t\t\t\t\t\t\t\t\t\t\t\t\t\t\t<img fetchpriority=\"high\" decoding=\"async\" width=\"350\" height=\"350\" src=\"https:\/\/cekuce.com.ar\/wp-content\/uploads\/2025\/08\/servicio-2.fw_.png\" class=\"attachment-large size-large wp-image-1294\" alt=\"\" srcset=\"https:\/\/cekuce.com.ar\/wp-content\/uploads\/2025\/08\/servicio-2.fw_.png 350w, https:\/\/cekuce.com.ar\/wp-content\/uploads\/2025\/08\/servicio-2.fw_-300x300.png 300w, https:\/\/cekuce.com.ar\/wp-content\/uploads\/2025\/08\/servicio-2.fw_-150x150.png 150w\" sizes=\"(max-width: 350px) 100vw, 350px\" \/>\t\t\t\t\t\t\t\t\t\t\t\t\t\t\t<\/div>\n\t\t<div class=\"elementor-element elementor-element-9b0b6c5 e-flex e-con-boxed wpr-particle-no wpr-jarallax-no wpr-parallax-no wpr-sticky-section-no e-con e-child\" data-id=\"9b0b6c5\" data-element_type=\"container\">\n\t\t\t\t\t<div class=\"e-con-inner\">\n\t\t\t\t<div class=\"elementor-element elementor-element-7455efd elementor-invisible elementor-widget elementor-widget-heading\" data-id=\"7455efd\" data-element_type=\"widget\" data-settings=\"{&quot;_animation&quot;:&quot;fadeIn&quot;}\" data-widget_type=\"heading.default\">\n\t\t\t\t\t<h2 class=\"elementor-heading-title elementor-size-default\">Servicio de <\/h2>\t\t\t\t<\/div>\n\t\t\t\t<div class=\"elementor-element elementor-element-be9860d elementor-widget elementor-widget-heading\" data-id=\"be9860d\" data-element_type=\"widget\" data-widget_type=\"heading.default\">\n\t\t\t\t\t<h2 class=\"elementor-heading-title elementor-size-default\">Desinfestaci\u00f3n<\/h2>\t\t\t\t<\/div>\n\t\t\t\t<div class=\"elementor-element elementor-element-4083351 elementor-invisible elementor-widget elementor-widget-text-editor\" data-id=\"4083351\" data-element_type=\"widget\" data-settings=\"{&quot;_animation&quot;:&quot;fadeIn&quot;,&quot;_animation_delay&quot;:200}\" data-widget_type=\"text-editor.default\">\n\t\t\t\t\t\t\t\t\t<p>Realizamos aplicaci\u00f3n de l\u00edquidos importados de \u00faltima generaci\u00f3n por medio de pulverizadores manuales y\/o mec\u00e1nicos, de acuerdo a los lugares a tratar y el tipo de plaga a controlar, en todos los sitios donde los insectos tengan nidos, escondites y lugares de tr\u00e1nsito. Antes de proceder a la desinsectaci\u00f3n, el t\u00e9cnico instruir\u00e1 al propietario o persona responsable del lugar a tratar, acerca de medidas de precauci\u00f3n como ser el retiro o protecci\u00f3n de utensillos, vajillas, alimentos y cualquier otro elemento que se considere peligrosa su contaminaci\u00f3n. Asimismo se solicitar\u00e1 que ni\u00f1os y animales dom\u00e9sticos sean retirados del lugar de aplicaci\u00f3n. Una vez que se hayan observado las medidas de seguridad necesarias, se proceder\u00e1 a la aplicaci\u00f3n del l\u00edquido y gel de primera l\u00ednea y \u00faltima generaci\u00f3n, en lugares espec\u00edficos.<\/p><p>El lugar ser\u00e1 luego ventilado durante tres horas como m\u00ednimo.<br \/>Una vez realizada la desinsectaci\u00f3n, se indicar\u00e1 como debe mantenerse el recinto para minimizar la posibilidad de reinfestaciones, como ser disposici\u00f3n de residuos, tapado de rajaduras y\/o grietas en la mamposter\u00eda, cambiar revestimientos rotos, pegados de enchapados decorativos en muebles, y cualquier otra medida que el t\u00e9cnico considere necesaria para evitar que los insectos hagan nidos o se oculten.<\/p>\t\t\t\t\t\t\t\t<\/div>\n\t\t\t\t<div class=\"elementor-element elementor-element-1d766fc elementor-align-center elementor-widget elementor-widget-button\" data-id=\"1d766fc\" data-element_type=\"widget\" data-widget_type=\"button.default\">\n\t\t\t\t\t\t\t\t\t\t<a class=\"elementor-button elementor-button-link elementor-size-sm\" href=\"https:\/\/cekuce.com.ar\/index.php\/contacto\">\n\t\t\t\t\t\t<span class=\"elementor-button-content-wrapper\">\n\t\t\t\t\t\t\t\t\t<span class=\"elementor-button-text\">Consultanos<\/span>\n\t\t\t\t\t<\/span>\n\t\t\t\t\t<\/a>\n\t\t\t\t\t\t\t\t<\/div>\n\t\t\t\t\t<\/div>\n\t\t\t\t<\/div>\n\t\t\t\t\t<\/div>\n\t\t\t\t<\/div>\n\t\t<div class=\"elementor-element elementor-element-c3ab30f e-flex e-con-boxed wpr-particle-no wpr-jarallax-no wpr-parallax-no wpr-sticky-section-no elementor-invisible e-con e-parent\" data-id=\"c3ab30f\" data-element_type=\"container\" data-settings=\"{&quot;background_background&quot;:&quot;classic&quot;,&quot;animation&quot;:&quot;slideInUp&quot;}\">\n\t\t\t\t\t<div class=\"e-con-inner\">\n\t\t\t\t<div class=\"elementor-element elementor-element-c65e6fd elementor-widget elementor-widget-image\" data-id=\"c65e6fd\" data-element_type=\"widget\" data-widget_type=\"image.default\">\n\t\t\t\t\t\t\t\t\t\t\t\t\t\t\t<img decoding=\"async\" width=\"350\" height=\"350\" src=\"https:\/\/cekuce.com.ar\/wp-content\/uploads\/2025\/08\/servicio-3.fw_.png\" class=\"attachment-large size-large wp-image-1295\" alt=\"\" srcset=\"https:\/\/cekuce.com.ar\/wp-content\/uploads\/2025\/08\/servicio-3.fw_.png 350w, https:\/\/cekuce.com.ar\/wp-content\/uploads\/2025\/08\/servicio-3.fw_-300x300.png 300w, https:\/\/cekuce.com.ar\/wp-content\/uploads\/2025\/08\/servicio-3.fw_-150x150.png 150w\" sizes=\"(max-width: 350px) 100vw, 350px\" \/>\t\t\t\t\t\t\t\t\t\t\t\t\t\t\t<\/div>\n\t\t<div class=\"elementor-element elementor-element-6672c6c e-flex e-con-boxed wpr-particle-no wpr-jarallax-no wpr-parallax-no wpr-sticky-section-no e-con e-child\" data-id=\"6672c6c\" data-element_type=\"container\">\n\t\t\t\t\t<div class=\"e-con-inner\">\n\t\t\t\t<div class=\"elementor-element elementor-element-c40ca9b elementor-widget elementor-widget-heading\" data-id=\"c40ca9b\" data-element_type=\"widget\" data-widget_type=\"heading.default\">\n\t\t\t\t\t<h2 class=\"elementor-heading-title elementor-size-default\">Desratizaci\u00f3n<\/h2>\t\t\t\t<\/div>\n\t\t\t\t<div class=\"elementor-element elementor-element-acac642 elementor-invisible elementor-widget elementor-widget-text-editor\" data-id=\"acac642\" data-element_type=\"widget\" data-settings=\"{&quot;_animation&quot;:&quot;fadeIn&quot;,&quot;_animation_delay&quot;:200}\" data-widget_type=\"text-editor.default\">\n\t\t\t\t\t\t\t\t\t<p>Se procede a la inspecci\u00f3n minuciosa del lugar, para determinar el grado de infestaci\u00f3n, tipo de plaga a combatir, por especie y desplazamiento de la misma. En base a los resultados de la inspecci\u00f3n, se realizar\u00e1 el control de la plaga mediante el uso de rodenticidas, los cuales se colocar\u00e1n en bandejas, o cajas de seguridad debidamente rotulados indicando: VENENO. Estos puntos de cebado se colocar\u00e1n en sitios especificos.<br \/>Los puntos de cebado se deber\u00e1n mantener fuera del alcance de ni\u00f1os y\/o mascotas.<br \/>Para evaluar los resultados, se observar\u00e1 el consumo de cebos por parte de los roedores.<br \/>Si estos han dejado de consumir, el \u00e1rea tratada se considerar\u00e1 libre de roedores.<br \/>Se realizar\u00e1n posteriores inspecciones peri\u00f3dicas a fin de verificar que no se produzcan reinfestaciones.<br \/>En caso de no haber cesado el consumo de cebos, se proceder\u00e1 a reponer los mismos hasta detectar un cese de consumo.<br \/>Una vez que se hayan observado las medidas de seguridad necesarias, se proceder\u00e1 a la aplicaci\u00f3n del l\u00edquido y gel de primera l\u00ednea y \u00faltima generaci\u00f3n, en lugares espec\u00edficos.<\/p><p>El lugar ser\u00e1 luego ventilado durante tres horas como m\u00ednimo.<br \/>La mayor\u00eda de las desratizaciones se realizan mediante la aplicaci\u00f3n de cebos de primera l\u00ednea, con f\u00f3rmulas especiales que hacen que solo sean mortales para roedores y, adem\u00e1s, contienen Bitrex que previene la ingesta accidental. En casos espec\u00edficos se utilizan jaulas, trampas, pegamentos, etc.<\/p>\t\t\t\t\t\t\t\t<\/div>\n\t\t\t\t<div class=\"elementor-element elementor-element-bab4808 elementor-invisible elementor-widget elementor-widget-heading\" data-id=\"bab4808\" data-element_type=\"widget\" data-settings=\"{&quot;_animation&quot;:&quot;fadeIn&quot;}\" data-widget_type=\"heading.default\">\n\t\t\t\t\t<h2 class=\"elementor-heading-title elementor-size-default\">\nMedidas de saneamiento del lugar desratizado:<\/h2>\t\t\t\t<\/div>\n\t\t\t\t<div class=\"elementor-element elementor-element-12d0443 elementor-invisible elementor-widget elementor-widget-text-editor\" data-id=\"12d0443\" data-element_type=\"widget\" data-settings=\"{&quot;_animation&quot;:&quot;fadeIn&quot;,&quot;_animation_delay&quot;:200}\" data-widget_type=\"text-editor.default\">\n\t\t\t\t\t\t\t\t\t<p>Eliminaci\u00f3n de trastos viejos, adecuada disposici\u00f3n de los residuos, correcta limpieza e higiene del lugar, sellado de posibles lugares de ingreso, protecci\u00f3n de alimentos preparados o de almac\u00e9n (estas medidas ayudan a controlar la plaga y evitar futuras reinfestaciones).<\/p>\t\t\t\t\t\t\t\t<\/div>\n\t\t\t\t<div class=\"elementor-element elementor-element-fb8d7d2 elementor-align-center elementor-widget elementor-widget-button\" data-id=\"fb8d7d2\" data-element_type=\"widget\" data-widget_type=\"button.default\">\n\t\t\t\t\t\t\t\t\t\t<a class=\"elementor-button elementor-button-link elementor-size-sm\" href=\"https:\/\/cekuce.com.ar\/index.php\/contacto\">\n\t\t\t\t\t\t<span class=\"elementor-button-content-wrapper\">\n\t\t\t\t\t\t\t\t\t<span class=\"elementor-button-text\">Consultanos<\/span>\n\t\t\t\t\t<\/span>\n\t\t\t\t\t<\/a>\n\t\t\t\t\t\t\t\t<\/div>\n\t\t\t\t\t<\/div>\n\t\t\t\t<\/div>\n\t\t\t\t\t<\/div>\n\t\t\t\t<\/div>\n\t\t\t\t<\/div>\n\t\t","protected":false},"excerpt":{"rendered":"<p>Control de plagas servicios de cekuce plagas Desinfecci\u00f3n y desinfestaci\u00f3n En la Ciudad de Buenos Aires es obligatorio realizar mensualmente la Desinfecci\u00f3n y Desinfestaci\u00f3n, (com\u00fanmente llamada fumigaci\u00f3n) por una empresa habilitada (Ordenanza Municipal N\u00ba 36.352 \u2013 Decreto Reglamentario N\u00ba 8151\/ 80 \u2013 B.M 16.440 y 16.443). Somos una empresa habilitada por el G.C.A.B.A. (reg N\u00ba 659). Servicio de Desinfestaci\u00f3n Realizamos aplicaci\u00f3n de l\u00edquidos importados de \u00faltima generaci\u00f3n por medio de pulverizadores manuales y\/o mec\u00e1nicos, de acuerdo a los lugares a tratar y el tipo de plaga a controlar, en todos los sitios donde los insectos tengan nidos, escondites y lugares de tr\u00e1nsito. Antes de proceder a la desinsectaci\u00f3n, el t\u00e9cnico instruir\u00e1 al propietario o persona responsable del lugar a tratar, acerca de medidas de precauci\u00f3n como ser el retiro o protecci\u00f3n de utensillos, vajillas, alimentos y cualquier otro elemento que se considere peligrosa su contaminaci\u00f3n. Asimismo se solicitar\u00e1 que ni\u00f1os y animales dom\u00e9sticos sean retirados del lugar de aplicaci\u00f3n. Una vez que se hayan observado las medidas de seguridad necesarias, se proceder\u00e1 a la aplicaci\u00f3n del l\u00edquido y gel de primera l\u00ednea y \u00faltima generaci\u00f3n, en lugares espec\u00edficos. El lugar ser\u00e1 luego ventilado durante tres horas como m\u00ednimo.Una vez realizada la desinsectaci\u00f3n, se indicar\u00e1 como debe mantenerse el recinto para minimizar la posibilidad de reinfestaciones, como ser disposici\u00f3n de residuos, tapado de rajaduras y\/o grietas en la mamposter\u00eda, cambiar revestimientos rotos, pegados de enchapados decorativos en muebles, y cualquier otra medida que el t\u00e9cnico considere necesaria para evitar que los insectos hagan nidos o se oculten. Consultanos Desratizaci\u00f3n Se procede a la inspecci\u00f3n minuciosa del lugar, para determinar el grado de infestaci\u00f3n, tipo de plaga a combatir, por especie y desplazamiento de la misma. En base a los resultados de la inspecci\u00f3n, se realizar\u00e1 el control de la plaga mediante el uso de rodenticidas, los cuales se colocar\u00e1n en bandejas, o cajas de seguridad debidamente rotulados indicando: VENENO. Estos puntos de cebado se colocar\u00e1n en sitios especificos.Los puntos de cebado se deber\u00e1n mantener fuera del alcance de ni\u00f1os y\/o mascotas.Para evaluar los resultados, se observar\u00e1 el consumo de cebos por parte de los roedores.Si estos han dejado de consumir, el \u00e1rea tratada se considerar\u00e1 libre de roedores.Se realizar\u00e1n posteriores inspecciones peri\u00f3dicas a fin de verificar que no se produzcan reinfestaciones.En caso de no haber cesado el consumo de cebos, se proceder\u00e1 a reponer los mismos hasta detectar un cese de consumo.Una vez que se hayan observado las medidas de seguridad necesarias, se proceder\u00e1 a la aplicaci\u00f3n del l\u00edquido y gel de primera l\u00ednea y \u00faltima generaci\u00f3n, en lugares espec\u00edficos. El lugar ser\u00e1 luego ventilado durante tres horas como m\u00ednimo.La mayor\u00eda de las desratizaciones se realizan mediante la aplicaci\u00f3n de cebos de primera l\u00ednea, con f\u00f3rmulas especiales que hacen que solo sean mortales para roedores y, adem\u00e1s, contienen Bitrex que previene la ingesta accidental. En casos espec\u00edficos se utilizan jaulas, trampas, pegamentos, etc. Medidas de saneamiento del lugar desratizado: Eliminaci\u00f3n de trastos viejos, adecuada disposici\u00f3n de los residuos, correcta limpieza e higiene del lugar, sellado de posibles lugares de ingreso, protecci\u00f3n de alimentos preparados o de almac\u00e9n (estas medidas ayudan a controlar la plaga y evitar futuras reinfestaciones). Consultanos<\/p>\n","protected":false},"author":1,"featured_media":0,"parent":0,"menu_order":0,"comment_status":"closed","ping_status":"closed","template":"elementor_canvas","meta":{"footnotes":""},"class_list":["post-10","page","type-page","status-publish","hentry"],"_links":{"self":[{"href":"https:\/\/cekuce.com.ar\/index.php\/wp-json\/wp\/v2\/pages\/10","targetHints":{"allow":["GET"]}}],"collection":[{"href":"https:\/\/cekuce.com.ar\/index.php\/wp-json\/wp\/v2\/pages"}],"about":[{"href":"https:\/\/cekuce.com.ar\/index.php\/wp-json\/wp\/v2\/types\/page"}],"author":[{"embeddable":true,"href":"https:\/\/cekuce.com.ar\/index.php\/wp-json\/wp\/v2\/users\/1"}],"replies":[{"embeddable":true,"href":"https:\/\/cekuce.com.ar\/index.php\/wp-json\/wp\/v2\/comments?post=10"}],"version-history":[{"count":19,"href":"https:\/\/cekuce.com.ar\/index.php\/wp-json\/wp\/v2\/pages\/10\/revisions"}],"predecessor-version":[{"id":1621,"href":"https:\/\/cekuce.com.ar\/index.php\/wp-json\/wp\/v2\/pages\/10\/revisions\/1621"}],"wp:attachment":[{"href":"https:\/\/cekuce.com.ar\/index.php\/wp-json\/wp\/v2\/media?parent=10"}],"curies":[{"name":"wp","href":"https:\/\/api.w.org\/{rel}","templated":true}]}}